{"id":1409,"date":"2015-07-01T09:35:15","date_gmt":"2015-07-01T07:35:15","guid":{"rendered":"http:\/\/remisped.it\/?page_id=1409"},"modified":"2018-06-17T15:20:48","modified_gmt":"2018-06-17T13:20:48","slug":"privacy","status":"publish","type":"page","link":"https:\/\/www.remisped.it\/de\/privacy\/","title":{"rendered":"Privacy"},"content":{"rendered":"<p>INFORMATIVA RICHIEDENTI INFORMAZIONI IN MATERIA DI PROTEZIONE DEI DATI PERSONALI AI SENSI DELL\u2019ART. 13 D. LGS. 30.06.2003, N. 196 E S.M.I.<\/p>\n<p>In osservanza di quanto previsto ai sensi e per gli effetti dell\u2019art. 13 del D. Lgs. 30 giugno 2003 n. 196 e s.m.i., con la presente REMISPED SRL, con sede in Via Interporto Centro Ingrosso 181 \u2013 INT. 6, 33170 Pordenone (PN), Titolare del Trattamento, informa gli interessati delle finalit\u00e0 e modalit\u00e0 del trattamento dei dati raccolti, del loro ambito di comunicazione, nonch\u00e9 della natura del conferimento.<\/p>\n<p>INFORMATIVA ESTESA SUI COOKIE<br \/>\nQuesto sito utilizza Cookie per salvare la sessione dell\u2019utente e per svolgere altre attivit\u00e0 strettamente necessarie al funzionamento dello stesso, ad esempio in relazione alla distribuzione del traffico. Fra questi Cookie rientrano quelli per la gestione di statistiche da parte del titolare del sito. Si utilizzano i cookie per rendere l\u2019uso del presente sito pi\u00f9 semplice e per meglio adattarlo ai vostri interessi e bisogni. Inoltre si utilizzano i cookie per compilare statistiche anonime aggregate che consentono di capire come le persone usano il presente sito.<\/p>\n<p>Proseguendo la navigazione all\u2019interno del sito si acconsente all\u2019utilizzo dei cookie.<\/p>\n<p>Cosa sono i Cookie:<br \/>\nI Cookie sono costituiti da porzioni di codice installate all\u2019interno del browser che assistono il Titolare nell\u2019erogazione del servizio in base alle finalit\u00e0 descritte.<\/p>\n<p>Tipologie di Cookie Presenti in questo sito:<br \/>\n1. Cookie tecnici di sessione che vengono utilizzati con una durata pari alla singola sessione di navigazione e che quindi scadono nel momento in cui viene chiusa la sessione del browser. Sono definiti cookie tecnici e non \u00e8 necessario un consenso degli utenti per il loro utilizzo. Non vengono utilizzati per scopi ulteriori e senza il ricorso a tali cookie, alcune operazioni non potrebbero essere compiute o sarebbero pi\u00f9 complesse e\/o meno sicure.<\/p>\n<p>2. Google Analytics: Questo sito utlizza Google Analytics, un servizio di web analytics fornito da Google che invia cookies sul tuo dispositivo. Le informazioni generate dal cookie sul tuo utilizzo del sito sono trasmesse a Google e conservate da Google su server negli Stati Uniti. Google utilizza queste informazioni per valutare il tuo utilizzo del Sito, predisporre resoconti sull\u2019attivit\u00e0 del Sito web per operatori del Sito preposti allo scopo e per fornire altri servizi relativi all\u2019attivit\u00e0 del sito web e all\u2019utilizzo di internet. Google pu\u00f2 anche trasferire queste informazioni a terzi se richiesto dalla legge oppure in caso di terzi che elaborano queste informazioni per conto di Google. Google non associa il tuo indirizzo IP (anonimizzato) con nessun altro dato che Google possiede. Per ulteriori informazioni su Google Analytics, puoi consultare Cookies and Analytics e la relativa privacy policy per Google. Un utente pu\u00f2 disattivare Google Analytics durante la navigazione utilizzando il componente aggiuntivo disponibile per Chrome, Firefox, Internet Explorer, Opera e Safari.<\/p>\n<p>3. Social Plugins: Questo sito utilizza i cosiddetti \u201cSocial Plugins\u201d di social network come Facebook, Twitter e Google+. Questi strumenti permettono di effettuare interazioni con i social network, o con altre piattaforme esterne, direttamente dalle pagine di questo sito. Le interazioni e le informazioni acquisite da questo sito sono in ogni caso soggette alle impostazioni privacy dell\u2019Utente relative ad ogni social network. Se avete effettuato il log-in ad un social network, quest\u2019ultimo pu\u00f2 assegnare la vostra visita a questa pagina web al vostro profilo utente. Se siete iscritti ad un social network e non desiderate che quest\u2019ultimo, durante la vostra visita del nostro sito Internet, colleghi i dati raccolti con i dati registrati sul vostro profilo, dovete effettuare il log-out dal rispettivo social network. Per maggiori informazioni consultare le sezioni Privacy dei rispettivi Social :Facebook, Twitter , You Tube, Google+.<\/p>\n<p>Come controllare e eliminare i Cookie:<br \/>\nLa maggior parte dei web browser accetta i cookie, ma tu puoi solitamente modificare le impostazioni del web browser in modo da rifiutare i cookie, disabilitare quelli esistenti o semplicemente essere informato quando un nuovo cookie viene inviato al tuo dispositivo. Fai attenzione che, se tu rifiuti o disabiliti i cookie, alcune delle funzionalit\u00e0 del sito web possono andare perse. Inoltre, disabilitando i cookie o categorie di cookie il cookie non viene eliminato dal tuo browser. Dovrai eliminarlo tramite il tuo browser.<\/p>\n<p>a) Disabilitazione dei cookie su Chrome<br \/>\nb) Disabilitazione dei cookie su Firefox<br \/>\nc) Disabilitazione dei cookie su Internet Explorer<br \/>\nd) Disabilitazione dei cookie su Safari<br \/>\ne) Disabilitazione dei cookie su Opera<\/p>\n<p>Informativa sul decreto legge:<br \/>\nProvvedimento del Garante per la Privacy dell\u20198 maggio 2014, pubblicato sulla Gazzetta Ufficiale n. 126 del 3 giugno consultabile all\u2019indirizzo:http:\/\/www.garanteprivacy.it\/web\/guest\/home\/docweb\/-\/docweb-display\/docweb\/3118884<\/p>\n<p>PRIVACY POLICY<\/p>\n<p>L\u2019informativa \u00e8 resa solo per il sito www.remisped.it e non anche per altri siti web eventualmente consultati dall\u2019utente tramite link presenti nel sito. L\u2019informativa si ispira anche alla Raccomandazione n. 2\/2001 che le autorit\u00e0 europee per la protezione dei dati personali, riunite nel Gruppo istituito dall\u2019art. 29 della direttiva n. 95\/46\/CE, hanno adottato il 17 maggio 2001 per individuare alcuni requisiti minimi per la raccolta di dati personali on-line, e, in particolare, le modalit\u00e0, i tempi e la natura delle informazioni che i Titolari del trattamento devono fornire agli utenti quando questi si collegano a pagine web, indipendentemente dagli scopi del collegamento.<\/p>\n<p>Il Titolare del trattamento \u00e8 REMISPED SRL\u00a0con sede in Via Interporto Centro Ingrosso 181 \u2013 INT. 6, 33170 Pordenone (PN). I trattamenti connessi al servizio web (\u201cRichiesta informazioni\u201d) di questo sito hanno luogo presso la predetta sede e sono curati dal titolare e dai collaboratori appositamente incaricati. Nessun dato derivante dal servizio web viene comunicato o diffuso, n\u00e9 viene raccolto o conservato alcun dato relativo alla navigazione dell\u2019utente. L\u2019invio facoltativo, esplicito e volontario di posta elettronica agli indirizzi indicati su questo sito comporta la successiva acquisizione dell\u2019indirizzo del mittente, necessario per rispondere alle richieste, nonch\u00e9 degli eventuali altri dati personali inseriti nella missiva.<\/p>\n<p>Non viene fatto uso di cookies per la trasmissione di informazioni di carattere personale, n\u00e9 vengono utilizzati c.d. cookies persistenti di alcun tipo, ovvero sistemi per il tracciamento degli utenti.<br \/>\nA parte quanto specificato per i dati di navigazione, l\u2019utente \u00e8 libero di fornire i dati personali riportati negli eventuali moduli di richiesta informazioni. Il loro mancato conferimento pu\u00f2 comportare l\u2019impossibilit\u00e0 di ottenere quanto richiesto.<\/p>\n<p>I dati personali sono trattati con strumenti automatizzati per il tempo strettamente necessario a conseguire gli scopi per cui sono stati raccolti. Specifiche misure di sicurezza sono osservate per prevenire la perdita dei dati, usi illeciti o non corretti ed accessi non autorizzati.<\/p>\n<p>I soggetti persone fisiche cui si riferiscono i dati personali hanno il diritto, in qualunque momento, di ottenere la conferma dell\u2019esistenza o meno dei medesimi dati e di conoscerne il contenuto e l\u2019origine, verificarne l\u2019esattezza o chiederne l\u2019integrazione o l\u2019aggiornamento, oppure la rettificazione (art. 7 del D.Lgs. 196\/2003). Ai sensi di predetto articolo l\u2019interessato ha il diritto di chiedere la cancellazione, la trasformazione in forma anonima o il blocco dei dati trattati in violazione di legge, nonch\u00e9 di opporsi in ogni caso, per motivi legittimi, al loro trattamento. Le richieste possono essere rivolte direttamente a REMISPED SRL\u00a0in Via Interporto Centro Ingrosso 181 \u2013 INT. 6, 33170 Pordenone (PN) oppure utilizzando i contatti di posta elettronica.<\/p>","protected":false},"excerpt":{"rendered":"<p>INFORMATIVA RICHIEDENTI INFORMAZIONI IN MATERIA DI PROTEZIONE DEI DATI PERSONALI AI SENSI DELL\u2019ART. 13 D. LGS. 30.06.2003, N. 196 E S.M.I. In osservanza di quanto previsto ai sensi e per [&hellip;]<\/p>\n","protected":false},"author":1,"featured_media":0,"parent":0,"menu_order":0,"comment_status":"open","ping_status":"open","template":"","meta":{"_monsterinsights_skip_tracking":false,"_monsterinsights_sitenote_active":false,"_monsterinsights_sitenote_note":"","_monsterinsights_sitenote_category":0,"footnotes":""},"class_list":["post-1409","page","type-page","status-publish","hentry"],"yoast_head":"<!-- This site is optimized with the Yoast SEO plugin v26.4 - https:\/\/yoast.com\/wordpress\/plugins\/seo\/ -->\n<title>Privacy - Remisped Srl<\/title>\n<meta name=\"robots\" content=\"index, follow, max-snippet:-1, max-image-preview:large, max-video-preview:-1\" \/>\n<link rel=\"canonical\" href=\"https:\/\/www.remisped.it\/privacy\/\" \/>\n<meta property=\"og:locale\" content=\"de_DE\" \/>\n<meta property=\"og:type\" content=\"article\" \/>\n<meta property=\"og:title\" content=\"Privacy - Remisped Srl\" \/>\n<meta property=\"og:description\" content=\"INFORMATIVA RICHIEDENTI INFORMAZIONI IN MATERIA DI PROTEZIONE DEI DATI PERSONALI AI SENSI DELL\u2019ART. 13 D. LGS. 30.06.2003, N. 196 E S.M.I. In osservanza di quanto previsto ai sensi e per [&hellip;]\" \/>\n<meta property=\"og:url\" content=\"https:\/\/www.remisped.it\/privacy\/\" \/>\n<meta property=\"og:site_name\" content=\"Remisped Srl\" \/>\n<meta property=\"article:modified_time\" content=\"2018-06-17T13:20:48+00:00\" \/>\n<meta name=\"twitter:label1\" content=\"Gesch\u00e4tzte Lesezeit\" \/>\n\t<meta name=\"twitter:data1\" content=\"12\u00a0Minuten\" \/>\n<script type=\"application\/ld+json\" class=\"yoast-schema-graph\">{\"@context\":\"https:\/\/schema.org\",\"@graph\":[{\"@type\":\"WebPage\",\"@id\":\"https:\/\/www.remisped.it\/privacy\/\",\"url\":\"https:\/\/www.remisped.it\/privacy\/\",\"name\":\"Privacy - Remisped Srl\",\"isPartOf\":{\"@id\":\"https:\/\/www.remisped.it\/#website\"},\"datePublished\":\"2015-07-01T07:35:15+00:00\",\"dateModified\":\"2018-06-17T13:20:48+00:00\",\"breadcrumb\":{\"@id\":\"https:\/\/www.remisped.it\/privacy\/#breadcrumb\"},\"inLanguage\":\"de\",\"potentialAction\":[{\"@type\":\"ReadAction\",\"target\":[\"https:\/\/www.remisped.it\/privacy\/\"]}]},{\"@type\":\"BreadcrumbList\",\"@id\":\"https:\/\/www.remisped.it\/privacy\/#breadcrumb\",\"itemListElement\":[{\"@type\":\"ListItem\",\"position\":1,\"name\":\"Home\",\"item\":\"https:\/\/www.remisped.it\/\"},{\"@type\":\"ListItem\",\"position\":2,\"name\":\"Privacy\"}]},{\"@type\":\"WebSite\",\"@id\":\"https:\/\/www.remisped.it\/#website\",\"url\":\"https:\/\/www.remisped.it\/\",\"name\":\"Remisped Srl\",\"description\":\"Servizio di logistica a Pordenone\",\"potentialAction\":[{\"@type\":\"SearchAction\",\"target\":{\"@type\":\"EntryPoint\",\"urlTemplate\":\"https:\/\/www.remisped.it\/?s={search_term_string}\"},\"query-input\":{\"@type\":\"PropertyValueSpecification\",\"valueRequired\":true,\"valueName\":\"search_term_string\"}}],\"inLanguage\":\"de\"}]}<\/script>\n<!-- \/ Yoast SEO plugin. -->","yoast_head_json":{"title":"Privacy - Remisped Srl","robots":{"index":"index","follow":"follow","max-snippet":"max-snippet:-1","max-image-preview":"max-image-preview:large","max-video-preview":"max-video-preview:-1"},"canonical":"https:\/\/www.remisped.it\/privacy\/","og_locale":"de_DE","og_type":"article","og_title":"Privacy - Remisped Srl","og_description":"INFORMATIVA RICHIEDENTI INFORMAZIONI IN MATERIA DI PROTEZIONE DEI DATI PERSONALI AI SENSI DELL\u2019ART. 13 D. LGS. 30.06.2003, N. 196 E S.M.I. In osservanza di quanto previsto ai sensi e per [&hellip;]","og_url":"https:\/\/www.remisped.it\/privacy\/","og_site_name":"Remisped Srl","article_modified_time":"2018-06-17T13:20:48+00:00","twitter_misc":{"Gesch\u00e4tzte Lesezeit":"12\u00a0Minuten"},"schema":{"@context":"https:\/\/schema.org","@graph":[{"@type":"WebPage","@id":"https:\/\/www.remisped.it\/privacy\/","url":"https:\/\/www.remisped.it\/privacy\/","name":"Privacy - Remisped Srl","isPartOf":{"@id":"https:\/\/www.remisped.it\/#website"},"datePublished":"2015-07-01T07:35:15+00:00","dateModified":"2018-06-17T13:20:48+00:00","breadcrumb":{"@id":"https:\/\/www.remisped.it\/privacy\/#breadcrumb"},"inLanguage":"de","potentialAction":[{"@type":"ReadAction","target":["https:\/\/www.remisped.it\/privacy\/"]}]},{"@type":"BreadcrumbList","@id":"https:\/\/www.remisped.it\/privacy\/#breadcrumb","itemListElement":[{"@type":"ListItem","position":1,"name":"Home","item":"https:\/\/www.remisped.it\/"},{"@type":"ListItem","position":2,"name":"Privacy"}]},{"@type":"WebSite","@id":"https:\/\/www.remisped.it\/#website","url":"https:\/\/www.remisped.it\/","name":"Remisped Srl","description":"Servizio di logistica a Pordenone","potentialAction":[{"@type":"SearchAction","target":{"@type":"EntryPoint","urlTemplate":"https:\/\/www.remisped.it\/?s={search_term_string}"},"query-input":{"@type":"PropertyValueSpecification","valueRequired":true,"valueName":"search_term_string"}}],"inLanguage":"de"}]}},"_links":{"self":[{"href":"https:\/\/www.remisped.it\/de\/wp-json\/wp\/v2\/pages\/1409","targetHints":{"allow":["GET"]}}],"collection":[{"href":"https:\/\/www.remisped.it\/de\/wp-json\/wp\/v2\/pages"}],"about":[{"href":"https:\/\/www.remisped.it\/de\/wp-json\/wp\/v2\/types\/page"}],"author":[{"embeddable":true,"href":"https:\/\/www.remisped.it\/de\/wp-json\/wp\/v2\/users\/1"}],"replies":[{"embeddable":true,"href":"https:\/\/www.remisped.it\/de\/wp-json\/wp\/v2\/comments?post=1409"}],"version-history":[{"count":2,"href":"https:\/\/www.remisped.it\/de\/wp-json\/wp\/v2\/pages\/1409\/revisions"}],"predecessor-version":[{"id":1495,"href":"https:\/\/www.remisped.it\/de\/wp-json\/wp\/v2\/pages\/1409\/revisions\/1495"}],"wp:attachment":[{"href":"https:\/\/www.remisped.it\/de\/wp-json\/wp\/v2\/media?parent=1409"}],"curies":[{"name":"wp","href":"https:\/\/api.w.org\/{rel}","templated":true}]}}