{"id":1260,"date":"2014-11-11T19:17:05","date_gmt":"2014-11-11T19:17:05","guid":{"rendered":"http:\/\/logistic.freevision.me\/?page_id=575"},"modified":"2017-03-14T14:31:32","modified_gmt":"2017-03-14T13:31:32","slug":"homepageit","status":"publish","type":"page","link":"https:\/\/www.remisped.it\/de\/","title":{"rendered":"Homepage"},"content":{"rendered":"<div class=\"wpb-content-wrapper\"><p>[vc_row row_fullwidth=&#8220;1&#8243; row_fullheight=&#8220;1&#8243; bg_parallax=&#8220;off&#8220; bg_slider=&#8220;on&#8220; css=&#8220;.vc_custom_1430594717970{margin-top: 0px !important;margin-bottom: 0px !important;padding-top: 70px !important;padding-right: 20px !important;padding-bottom: 30px !important;padding-left: 20px !important;background-color: #000000 !important;}&#8220; bg_slider_images=&#8220;1117,1116,1118&#8243; font_color=&#8220;#ffffff&#8220;][vc_column][vc_custom_heading text=&#8220;REMISPED SRL&#8220; font_container=&#8220;tag:h2|font_size:70|text_align:center|color:%23ffffff|line_height:74px&#8220; google_fonts=&#8220;font_family:Raleway%3A100%2C200%2C300%2Cregular%2C500%2C600%2C700%2C800%2C900|font_style:900%20bold%20regular%3A900%3Anormal&#8220; css=&#8220;.vc_custom_1430594820651{padding-right: 20% !important;padding-left: 20% !important;}&#8220;][vc_row_inner css=&#8220;.vc_custom_1416176578535{padding-top: 280px !important;}&#8220;][vc_column_inner width=&#8220;1\/3&#8243;]<div class=\"ozy-simlple-info-box \" id=\"simple-info-box-7131\"  style=\"background:url(https:\/\/www.remisped.it\/wp-content\/uploads\/2014\/11\/1.jpg)\"><section><h5>SCHNELLIGKEIT&#039;<\/h5><h2>Stra\u00dfentransport<\/h2><p>Remisped ist in ganz Europa mit zahlreichen zuverl\u00e4ssigen und konsolidierten Mitarbeitern t\u00e4tig. Unsere verschiedenen St\u00fctzpunkte innerhalb Europas erm\u00f6glichen es uns, einen schnellen und fl\u00e4chendeckenden Luft- und Seefracht-Service anzubieten.<\/p><a href=\"\" target=\"_self\">LEARN MORE<\/a>\n<\/section>\n<\/div>[\/vc_column_inner][vc_column_inner width=&#8220;1\/3&#8243;]<div class=\"ozy-simlple-info-box \" id=\"simple-info-box-3249\"  style=\"background:url(https:\/\/www.remisped.it\/wp-content\/uploads\/2014\/11\/2.jpg)\"><section><h5>SCHNELLIGKEIT<\/h5><h2>See- und Luftfracht<\/h2><p>Wir arbeiten seit Jahren mit IATA-Agenten zusammen, die gesetzlich autorisiert sind, direkt mit den Fluggesellschaften zusammen zu arbeiten. Unser Seefracht-Service bietet die M\u00f6glichkeit komplette und konsolidierte Container zu verschiffen.<\/p><a href=\"\" target=\"_self\">LEARN MORE<\/a>\n<\/section>\n<\/div>[\/vc_column_inner][vc_column_inner width=&#8220;1\/3&#8243;]<div class=\"ozy-simlple-info-box \" id=\"simple-info-box-5210\"  style=\"background:url(https:\/\/www.remisped.it\/wp-content\/uploads\/2014\/11\/3.jpg)\"><section><h5>ZUVERL\u00c4SSIGKEIT<\/h5><h2>Express<\/h2><p>Wir holen in ganz Europa mit 24h \u00fcberwachten Lieferwagen ab und stellen zu.<br \/>\nUnser Service reicht von der Industrie, bis zum Versandhandel.<\/p><a href=\"\" target=\"_self\">LEARN MORE<\/a>\n<\/section>\n<\/div>[\/vc_column_inner][\/vc_row_inner][\/vc_column][\/vc_row]<\/p>\n<\/div>","protected":false},"excerpt":{"rendered":"<p>[vc_row row_fullwidth=&#8220;1&#8243; row_fullheight=&#8220;1&#8243; bg_parallax=&#8220;off&#8220; bg_slider=&#8220;on&#8220; css=&#8220;.vc_custom_1430594717970{margin-top: 0px !important;margin-bottom: 0px !important;padding-top: 70px !important;padding-right: 20px !important;padding-bottom: 30px !important;padding-left: 20px !important;background-color: #000000 !important;}&#8220; bg_slider_images=&#8220;1117,1116,1118&#8243; font_color=&#8220;#ffffff&#8220;][vc_column][vc_custom_heading text=&#8220;REMISPED SRL&#8220; font_container=&#8220;tag:h2|font_size:70|text_align:center|color:%23ffffff|line_height:74px&#8220; google_fonts=&#8220;font_family:Raleway%3A100%2C200%2C300%2Cregular%2C500%2C600%2C700%2C800%2C900|font_style:900%20bold%20regular%3A900%3Anormal&#8220; css=&#8220;.vc_custom_1430594820651{padding-right: 20% !important;padding-left: 20% [&hellip;]<\/p>\n","protected":false},"author":1,"featured_media":0,"parent":0,"menu_order":0,"comment_status":"open","ping_status":"open","template":"","meta":{"_monsterinsights_skip_tracking":false,"_monsterinsights_sitenote_active":false,"_monsterinsights_sitenote_note":"","_monsterinsights_sitenote_category":0,"footnotes":""},"class_list":["post-1260","page","type-page","status-publish","hentry"],"yoast_head":"<!-- This site is optimized with the Yoast SEO plugin v26.4 - https:\/\/yoast.com\/wordpress\/plugins\/seo\/ -->\n<title>Homepage - Remisped Srl | Spedizioni e logistica a Pordenone<\/title>\n<meta name=\"description\" content=\"Remisped Srl offre servizi logistici veloci, efficienti ad alto livello qualitativo, informatico e tecnologico, contribuendo al successo dei nostri partner.\" \/>\n<meta name=\"robots\" content=\"index, follow, max-snippet:-1, max-image-preview:large, max-video-preview:-1\" \/>\n<link rel=\"canonical\" href=\"https:\/\/www.remisped.it\/\" \/>\n<meta property=\"og:locale\" content=\"de_DE\" \/>\n<meta property=\"og:type\" content=\"article\" \/>\n<meta property=\"og:title\" content=\"Homepage - Remisped Srl | Spedizioni e logistica a Pordenone\" \/>\n<meta property=\"og:description\" content=\"Remisped Srl offre servizi logistici veloci, efficienti ad alto livello qualitativo, informatico e tecnologico, contribuendo al successo dei nostri partner.\" \/>\n<meta property=\"og:url\" content=\"https:\/\/www.remisped.it\/\" \/>\n<meta property=\"og:site_name\" content=\"Remisped Srl\" \/>\n<meta property=\"article:modified_time\" content=\"2017-03-14T13:31:32+00:00\" \/>\n<meta name=\"twitter:label1\" content=\"Gesch\u00e4tzte Lesezeit\" \/>\n\t<meta name=\"twitter:data1\" content=\"4\u00a0Minuten\" \/>\n<script type=\"application\/ld+json\" class=\"yoast-schema-graph\">{\"@context\":\"https:\/\/schema.org\",\"@graph\":[{\"@type\":\"WebPage\",\"@id\":\"https:\/\/www.remisped.it\/\",\"url\":\"https:\/\/www.remisped.it\/\",\"name\":\"Homepage - Remisped Srl | Spedizioni e logistica a Pordenone\",\"isPartOf\":{\"@id\":\"https:\/\/www.remisped.it\/#website\"},\"datePublished\":\"2014-11-11T19:17:05+00:00\",\"dateModified\":\"2017-03-14T13:31:32+00:00\",\"description\":\"Remisped Srl offre servizi logistici veloci, efficienti ad alto livello qualitativo, informatico e tecnologico, contribuendo al successo dei nostri partner.\",\"breadcrumb\":{\"@id\":\"https:\/\/www.remisped.it\/#breadcrumb\"},\"inLanguage\":\"de\",\"potentialAction\":[{\"@type\":\"ReadAction\",\"target\":[\"https:\/\/www.remisped.it\/\"]}]},{\"@type\":\"BreadcrumbList\",\"@id\":\"https:\/\/www.remisped.it\/#breadcrumb\",\"itemListElement\":[{\"@type\":\"ListItem\",\"position\":1,\"name\":\"Home\",\"item\":\"https:\/\/www.remisped.it\/\"},{\"@type\":\"ListItem\",\"position\":2,\"name\":\"Homepage\"}]},{\"@type\":\"WebSite\",\"@id\":\"https:\/\/www.remisped.it\/#website\",\"url\":\"https:\/\/www.remisped.it\/\",\"name\":\"Remisped Srl\",\"description\":\"Servizio di logistica a Pordenone\",\"potentialAction\":[{\"@type\":\"SearchAction\",\"target\":{\"@type\":\"EntryPoint\",\"urlTemplate\":\"https:\/\/www.remisped.it\/?s={search_term_string}\"},\"query-input\":{\"@type\":\"PropertyValueSpecification\",\"valueRequired\":true,\"valueName\":\"search_term_string\"}}],\"inLanguage\":\"de\"}]}<\/script>\n<!-- \/ Yoast SEO plugin. -->","yoast_head_json":{"title":"Homepage - Remisped Srl | Spedizioni e logistica a Pordenone","description":"Remisped Srl offre servizi logistici veloci, efficienti ad alto livello qualitativo, informatico e tecnologico, contribuendo al successo dei nostri partner.","robots":{"index":"index","follow":"follow","max-snippet":"max-snippet:-1","max-image-preview":"max-image-preview:large","max-video-preview":"max-video-preview:-1"},"canonical":"https:\/\/www.remisped.it\/","og_locale":"de_DE","og_type":"article","og_title":"Homepage - Remisped Srl | Spedizioni e logistica a Pordenone","og_description":"Remisped Srl offre servizi logistici veloci, efficienti ad alto livello qualitativo, informatico e tecnologico, contribuendo al successo dei nostri partner.","og_url":"https:\/\/www.remisped.it\/","og_site_name":"Remisped Srl","article_modified_time":"2017-03-14T13:31:32+00:00","twitter_misc":{"Gesch\u00e4tzte Lesezeit":"4\u00a0Minuten"},"schema":{"@context":"https:\/\/schema.org","@graph":[{"@type":"WebPage","@id":"https:\/\/www.remisped.it\/","url":"https:\/\/www.remisped.it\/","name":"Homepage - Remisped Srl | Spedizioni e logistica a Pordenone","isPartOf":{"@id":"https:\/\/www.remisped.it\/#website"},"datePublished":"2014-11-11T19:17:05+00:00","dateModified":"2017-03-14T13:31:32+00:00","description":"Remisped Srl offre servizi logistici veloci, efficienti ad alto livello qualitativo, informatico e tecnologico, contribuendo al successo dei nostri partner.","breadcrumb":{"@id":"https:\/\/www.remisped.it\/#breadcrumb"},"inLanguage":"de","potentialAction":[{"@type":"ReadAction","target":["https:\/\/www.remisped.it\/"]}]},{"@type":"BreadcrumbList","@id":"https:\/\/www.remisped.it\/#breadcrumb","itemListElement":[{"@type":"ListItem","position":1,"name":"Home","item":"https:\/\/www.remisped.it\/"},{"@type":"ListItem","position":2,"name":"Homepage"}]},{"@type":"WebSite","@id":"https:\/\/www.remisped.it\/#website","url":"https:\/\/www.remisped.it\/","name":"Remisped Srl","description":"Servizio di logistica a Pordenone","potentialAction":[{"@type":"SearchAction","target":{"@type":"EntryPoint","urlTemplate":"https:\/\/www.remisped.it\/?s={search_term_string}"},"query-input":{"@type":"PropertyValueSpecification","valueRequired":true,"valueName":"search_term_string"}}],"inLanguage":"de"}]}},"_links":{"self":[{"href":"https:\/\/www.remisped.it\/de\/wp-json\/wp\/v2\/pages\/1260","targetHints":{"allow":["GET"]}}],"collection":[{"href":"https:\/\/www.remisped.it\/de\/wp-json\/wp\/v2\/pages"}],"about":[{"href":"https:\/\/www.remisped.it\/de\/wp-json\/wp\/v2\/types\/page"}],"author":[{"embeddable":true,"href":"https:\/\/www.remisped.it\/de\/wp-json\/wp\/v2\/users\/1"}],"replies":[{"embeddable":true,"href":"https:\/\/www.remisped.it\/de\/wp-json\/wp\/v2\/comments?post=1260"}],"version-history":[{"count":6,"href":"https:\/\/www.remisped.it\/de\/wp-json\/wp\/v2\/pages\/1260\/revisions"}],"predecessor-version":[{"id":1439,"href":"https:\/\/www.remisped.it\/de\/wp-json\/wp\/v2\/pages\/1260\/revisions\/1439"}],"wp:attachment":[{"href":"https:\/\/www.remisped.it\/de\/wp-json\/wp\/v2\/media?parent=1260"}],"curies":[{"name":"wp","href":"https:\/\/api.w.org\/{rel}","templated":true}]}}